{"id":1483,"date":"2019-10-16T16:13:12","date_gmt":"2019-10-16T16:13:12","guid":{"rendered":"https:\/\/the7.io\/company\/?page_id=1483"},"modified":"2024-12-04T11:01:32","modified_gmt":"2024-12-04T11:01:32","slug":"products","status":"publish","type":"page","link":"https:\/\/test.kamsanmakina.com\/en\/products\/","title":{"rendered":"Products"},"content":{"rendered":"<div data-elementor-type=\"wp-page\" data-elementor-id=\"1483\" class=\"elementor elementor-1483\" data-elementor-post-type=\"page\">\n\t\t\t\t\t\t<section class=\"elementor-section elementor-top-section elementor-element elementor-element-a094adc elementor-reverse-tablet elementor-reverse-mobile elementor-section-height-min-height elementor-section-boxed elementor-section-height-default elementor-section-items-middle\" data-id=\"a094adc\" data-element_type=\"section\" data-settings=\"{&quot;background_background&quot;:&quot;classic&quot;}\">\n\t\t\t\t\t\t\t<div class=\"elementor-background-overlay\"><\/div>\n\t\t\t\t\t\t\t<div class=\"elementor-container elementor-column-gap-wider\">\n\t\t\t\t\t<div class=\"elementor-column elementor-col-100 elementor-top-column elementor-element elementor-element-4a31993\" data-id=\"4a31993\" data-element_type=\"column\">\n\t\t\t<div class=\"elementor-widget-wrap elementor-element-populated\">\n\t\t\t\t\t\t<div class=\"elementor-element elementor-element-848ac51 elementor-widget elementor-widget-heading\" data-id=\"848ac51\" data-element_type=\"widget\" data-widget_type=\"heading.default\">\n\t\t\t\t<div class=\"elementor-widget-container\">\n\t\t\t<h2 class=\"elementor-heading-title elementor-size-default\">Kamsan Bar Feeders<\/h2>\t\t<\/div>\n\t\t\t\t<\/div>\n\t\t\t\t\t<\/div>\n\t\t<\/div>\n\t\t\t\t\t<\/div>\n\t\t<\/section>\n\t\t\t\t<section class=\"elementor-section elementor-top-section elementor-element elementor-element-65122d1 elementor-section-boxed elementor-section-height-default elementor-section-height-default\" data-id=\"65122d1\" data-element_type=\"section\" data-settings=\"{&quot;background_background&quot;:&quot;classic&quot;}\">\n\t\t\t\t\t\t<div class=\"elementor-container elementor-column-gap-wider\">\n\t\t\t\t\t<div class=\"elementor-column elementor-col-100 elementor-top-column elementor-element elementor-element-c7cb675\" data-id=\"c7cb675\" data-element_type=\"column\">\n\t\t\t<div class=\"elementor-widget-wrap elementor-element-populated\">\n\t\t\t\t\t\t<section class=\"elementor-section elementor-inner-section elementor-element elementor-element-8928384 elementor-section-boxed elementor-section-height-default elementor-section-height-default\" data-id=\"8928384\" data-element_type=\"section\">\n\t\t\t\t\t\t<div class=\"elementor-container elementor-column-gap-default\">\n\t\t\t\t\t<div class=\"elementor-column elementor-col-50 elementor-inner-column elementor-element elementor-element-4591225\" data-id=\"4591225\" data-element_type=\"column\">\n\t\t\t<div class=\"elementor-widget-wrap elementor-element-populated\">\n\t\t\t\t\t\t<div class=\"elementor-element elementor-element-b04c0a3 elementor-widget elementor-widget-image\" data-id=\"b04c0a3\" data-element_type=\"widget\" data-widget_type=\"image.default\">\n\t\t\t\t<div class=\"elementor-widget-container\">\n\t\t\t\t\t\t\t\t\t\t\t\t\t<img fetchpriority=\"high\" decoding=\"async\" width=\"300\" height=\"200\" src=\"https:\/\/test.kamsanmakina.com\/wp-content\/uploads\/2024\/10\/B2U08445-300x200.png\" class=\"attachment-medium size-medium wp-image-80007\" alt=\"\" srcset=\"https:\/\/test.kamsanmakina.com\/wp-content\/uploads\/2024\/10\/B2U08445-300x200.png 300w, https:\/\/test.kamsanmakina.com\/wp-content\/uploads\/2024\/10\/B2U08445-1024x683.png 1024w, https:\/\/test.kamsanmakina.com\/wp-content\/uploads\/2024\/10\/B2U08445-768x512.png 768w, https:\/\/test.kamsanmakina.com\/wp-content\/uploads\/2024\/10\/B2U08445-1536x1024.png 1536w, https:\/\/test.kamsanmakina.com\/wp-content\/uploads\/2024\/10\/B2U08445-2048x1365.png 2048w, https:\/\/test.kamsanmakina.com\/wp-content\/uploads\/2024\/10\/B2U08445-18x12.png 18w, https:\/\/test.kamsanmakina.com\/wp-content\/uploads\/2024\/10\/B2U08445-e1729253794110.png 1000w\" sizes=\"(max-width: 300px) 100vw, 300px\" \/>\t\t\t\t\t\t\t\t\t\t\t\t\t<\/div>\n\t\t\t\t<\/div>\n\t\t\t\t\t<\/div>\n\t\t<\/div>\n\t\t\t\t<div class=\"elementor-column elementor-col-50 elementor-inner-column elementor-element elementor-element-6701204\" data-id=\"6701204\" data-element_type=\"column\">\n\t\t\t<div class=\"elementor-widget-wrap elementor-element-populated\">\n\t\t\t\t\t\t<div class=\"elementor-element elementor-element-2299776 elementor-widget elementor-widget-heading\" data-id=\"2299776\" data-element_type=\"widget\" data-widget_type=\"heading.default\">\n\t\t\t\t<div class=\"elementor-widget-container\">\n\t\t\t<h3 class=\"elementor-heading-title elementor-size-default\">Automatic Magazine Bar Feeder<\/h3>\t\t<\/div>\n\t\t\t\t<\/div>\n\t\t\t\t<div class=\"elementor-element elementor-element-47abb5a elementor-widget elementor-widget-text-editor\" data-id=\"47abb5a\" data-element_type=\"widget\" data-widget_type=\"text-editor.default\">\n\t\t\t\t<div class=\"elementor-widget-container\">\n\t\t\t\t\t\t\t<p>For those who seek speed, high efficiency and durability. Knows the value of both time and material.<\/p>\t\t\t\t\t\t<\/div>\n\t\t\t\t<\/div>\n\t\t\t\t<div class=\"elementor-element elementor-element-590d655 elementor-widget elementor-widget-the7_button_widget\" data-id=\"590d655\" data-element_type=\"widget\" data-widget_type=\"the7_button_widget.default\">\n\t\t\t\t<div class=\"elementor-widget-container\">\n\t\t\t<div class=\"elementor-button-wrapper\"><a href=\"http:\/\/kamsanmakina.com\/products\/magazinli-cubuk-surucu\/\" class=\"box-button elementor-button elementor-size-md\">Details<\/a><\/div>\t\t<\/div>\n\t\t\t\t<\/div>\n\t\t\t\t\t<\/div>\n\t\t<\/div>\n\t\t\t\t\t<\/div>\n\t\t<\/section>\n\t\t\t\t<div class=\"elementor-element elementor-element-189a6c7 elementor-widget-divider--view-line elementor-widget elementor-widget-divider\" data-id=\"189a6c7\" data-element_type=\"widget\" data-widget_type=\"divider.default\">\n\t\t\t\t<div class=\"elementor-widget-container\">\n\t\t\t\t\t<div class=\"elementor-divider\">\n\t\t\t<span class=\"elementor-divider-separator\">\n\t\t\t\t\t\t<\/span>\n\t\t<\/div>\n\t\t\t\t<\/div>\n\t\t\t\t<\/div>\n\t\t\t\t<section class=\"elementor-section elementor-inner-section elementor-element elementor-element-a544fe3 elementor-section-boxed elementor-section-height-default elementor-section-height-default\" data-id=\"a544fe3\" data-element_type=\"section\">\n\t\t\t\t\t\t<div class=\"elementor-container elementor-column-gap-default\">\n\t\t\t\t\t<div class=\"elementor-column elementor-col-50 elementor-inner-column elementor-element elementor-element-32eabee\" data-id=\"32eabee\" data-element_type=\"column\">\n\t\t\t<div class=\"elementor-widget-wrap elementor-element-populated\">\n\t\t\t\t\t\t<div class=\"elementor-element elementor-element-b16bfa4 elementor-widget elementor-widget-image\" data-id=\"b16bfa4\" data-element_type=\"widget\" data-widget_type=\"image.default\">\n\t\t\t\t<div class=\"elementor-widget-container\">\n\t\t\t\t\t\t\t\t\t\t\t\t\t<img decoding=\"async\" width=\"300\" height=\"231\" src=\"https:\/\/test.kamsanmakina.com\/wp-content\/uploads\/2024\/10\/Adsiz-Resim-5-e1731660924490-300x231.png\" class=\"attachment-medium size-medium wp-image-80006\" alt=\"\" srcset=\"https:\/\/test.kamsanmakina.com\/wp-content\/uploads\/2024\/10\/Adsiz-Resim-5-e1731660924490-300x231.png 300w, https:\/\/test.kamsanmakina.com\/wp-content\/uploads\/2024\/10\/Adsiz-Resim-5-e1731660924490-768x591.png 768w, https:\/\/test.kamsanmakina.com\/wp-content\/uploads\/2024\/10\/Adsiz-Resim-5-e1731660924490-1024x788.png 1024w, https:\/\/test.kamsanmakina.com\/wp-content\/uploads\/2024\/10\/Adsiz-Resim-5-e1731660924490-1536x1182.png 1536w, https:\/\/test.kamsanmakina.com\/wp-content\/uploads\/2024\/10\/Adsiz-Resim-5-e1731660924490-16x12.png 16w\" sizes=\"(max-width: 300px) 100vw, 300px\" \/>\t\t\t\t\t\t\t\t\t\t\t\t\t<\/div>\n\t\t\t\t<\/div>\n\t\t\t\t\t<\/div>\n\t\t<\/div>\n\t\t\t\t<div class=\"elementor-column elementor-col-50 elementor-inner-column elementor-element elementor-element-dec602b\" data-id=\"dec602b\" data-element_type=\"column\">\n\t\t\t<div class=\"elementor-widget-wrap elementor-element-populated\">\n\t\t\t\t\t\t<div class=\"elementor-element elementor-element-5b4dfc6 elementor-widget elementor-widget-heading\" data-id=\"5b4dfc6\" data-element_type=\"widget\" data-widget_type=\"heading.default\">\n\t\t\t\t<div class=\"elementor-widget-container\">\n\t\t\t<h3 class=\"elementor-heading-title elementor-size-default\">Single Bar Capacity Bar Feeder<\/h3>\t\t<\/div>\n\t\t\t\t<\/div>\n\t\t\t\t<div class=\"elementor-element elementor-element-0a7d371 elementor-widget elementor-widget-text-editor\" data-id=\"0a7d371\" data-element_type=\"widget\" data-widget_type=\"text-editor.default\">\n\t\t\t\t<div class=\"elementor-widget-container\">\n\t\t\t\t\t\t\t<p><span style=\"white-space-collapse: preserve;\">Durable, reliable, easy to use. A living legend of Turkish industry.<\/span><\/p>\t\t\t\t\t\t<\/div>\n\t\t\t\t<\/div>\n\t\t\t\t<div class=\"elementor-element elementor-element-7ec8465 elementor-widget elementor-widget-the7_button_widget\" data-id=\"7ec8465\" data-element_type=\"widget\" data-widget_type=\"the7_button_widget.default\">\n\t\t\t\t<div class=\"elementor-widget-container\">\n\t\t\t<div class=\"elementor-button-wrapper\"><a href=\"http:\/\/kamsanmakina.com\/products\/tek-cubuk-kapasiteli-surucu\/\" class=\"box-button elementor-button elementor-size-md\">Details<\/a><\/div>\t\t<\/div>\n\t\t\t\t<\/div>\n\t\t\t\t\t<\/div>\n\t\t<\/div>\n\t\t\t\t\t<\/div>\n\t\t<\/section>\n\t\t\t\t<div class=\"elementor-element elementor-element-8a3554c elementor-widget-divider--view-line elementor-widget elementor-widget-divider\" data-id=\"8a3554c\" data-element_type=\"widget\" data-widget_type=\"divider.default\">\n\t\t\t\t<div class=\"elementor-widget-container\">\n\t\t\t\t\t<div class=\"elementor-divider\">\n\t\t\t<span class=\"elementor-divider-separator\">\n\t\t\t\t\t\t<\/span>\n\t\t<\/div>\n\t\t\t\t<\/div>\n\t\t\t\t<\/div>\n\t\t\t\t<section class=\"elementor-section elementor-inner-section elementor-element elementor-element-9433ab2 elementor-section-boxed elementor-section-height-default elementor-section-height-default\" data-id=\"9433ab2\" data-element_type=\"section\">\n\t\t\t\t\t\t<div class=\"elementor-container elementor-column-gap-default\">\n\t\t\t\t\t<div class=\"elementor-column elementor-col-50 elementor-inner-column elementor-element elementor-element-797cb7b\" data-id=\"797cb7b\" data-element_type=\"column\">\n\t\t\t<div class=\"elementor-widget-wrap elementor-element-populated\">\n\t\t\t\t\t\t<div class=\"elementor-element elementor-element-56ca3f7 elementor-widget elementor-widget-image\" data-id=\"56ca3f7\" data-element_type=\"widget\" data-widget_type=\"image.default\">\n\t\t\t\t<div class=\"elementor-widget-container\">\n\t\t\t\t\t\t\t\t\t\t\t\t\t<img decoding=\"async\" width=\"300\" height=\"296\" src=\"https:\/\/test.kamsanmakina.com\/wp-content\/uploads\/2024\/10\/KISA-MAGAZIN--e1731664395402-300x296.png\" class=\"attachment-medium size-medium wp-image-79711\" alt=\"\" srcset=\"https:\/\/test.kamsanmakina.com\/wp-content\/uploads\/2024\/10\/KISA-MAGAZIN--e1731664395402-300x296.png 300w, https:\/\/test.kamsanmakina.com\/wp-content\/uploads\/2024\/10\/KISA-MAGAZIN--e1731664395402-768x757.png 768w, https:\/\/test.kamsanmakina.com\/wp-content\/uploads\/2024\/10\/KISA-MAGAZIN--e1731664395402-12x12.png 12w, https:\/\/test.kamsanmakina.com\/wp-content\/uploads\/2024\/10\/KISA-MAGAZIN--e1731664395402.png 998w\" sizes=\"(max-width: 300px) 100vw, 300px\" \/>\t\t\t\t\t\t\t\t\t\t\t\t\t<\/div>\n\t\t\t\t<\/div>\n\t\t\t\t\t<\/div>\n\t\t<\/div>\n\t\t\t\t<div class=\"elementor-column elementor-col-50 elementor-inner-column elementor-element elementor-element-e7994b9\" data-id=\"e7994b9\" data-element_type=\"column\">\n\t\t\t<div class=\"elementor-widget-wrap elementor-element-populated\">\n\t\t\t\t\t\t<div class=\"elementor-element elementor-element-3568d90 elementor-widget elementor-widget-heading\" data-id=\"3568d90\" data-element_type=\"widget\" data-widget_type=\"heading.default\">\n\t\t\t\t<div class=\"elementor-widget-container\">\n\t\t\t<h3 class=\"elementor-heading-title elementor-size-default\">Short Magazine Bar Feeder<\/h3>\t\t<\/div>\n\t\t\t\t<\/div>\n\t\t\t\t<div class=\"elementor-element elementor-element-f4db7a4 elementor-widget elementor-widget-text-editor\" data-id=\"f4db7a4\" data-element_type=\"widget\" data-widget_type=\"text-editor.default\">\n\t\t\t\t<div class=\"elementor-widget-container\">\n\t\t\t\t\t\t\t<p><span style=\"white-space-collapse: preserve;\">Stable, compact, reliable. Ideal for bigger diameters.<\/span><\/p>\t\t\t\t\t\t<\/div>\n\t\t\t\t<\/div>\n\t\t\t\t<div class=\"elementor-element elementor-element-c4f4b00 elementor-widget elementor-widget-the7_button_widget\" data-id=\"c4f4b00\" data-element_type=\"widget\" data-widget_type=\"the7_button_widget.default\">\n\t\t\t\t<div class=\"elementor-widget-container\">\n\t\t\t<div class=\"elementor-button-wrapper\"><a href=\"http:\/\/kamsanmakina.com\/products\/kisa-magazinli-surucu\/\" class=\"box-button elementor-button elementor-size-md\">Details<\/a><\/div>\t\t<\/div>\n\t\t\t\t<\/div>\n\t\t\t\t\t<\/div>\n\t\t<\/div>\n\t\t\t\t\t<\/div>\n\t\t<\/section>\n\t\t\t\t<div class=\"elementor-element elementor-element-9890c5e elementor-widget-divider--view-line elementor-widget elementor-widget-divider\" data-id=\"9890c5e\" data-element_type=\"widget\" data-widget_type=\"divider.default\">\n\t\t\t\t<div class=\"elementor-widget-container\">\n\t\t\t\t\t<div class=\"elementor-divider\">\n\t\t\t<span class=\"elementor-divider-separator\">\n\t\t\t\t\t\t<\/span>\n\t\t<\/div>\n\t\t\t\t<\/div>\n\t\t\t\t<\/div>\n\t\t\t\t<section class=\"elementor-section elementor-inner-section elementor-element elementor-element-8b59aa5 elementor-section-boxed elementor-section-height-default elementor-section-height-default\" data-id=\"8b59aa5\" data-element_type=\"section\">\n\t\t\t\t\t\t<div class=\"elementor-container elementor-column-gap-default\">\n\t\t\t\t\t<div class=\"elementor-column elementor-col-50 elementor-inner-column elementor-element elementor-element-b6ae40a\" data-id=\"b6ae40a\" data-element_type=\"column\">\n\t\t\t<div class=\"elementor-widget-wrap elementor-element-populated\">\n\t\t\t\t\t\t<div class=\"elementor-element elementor-element-0ff2526 elementor-widget elementor-widget-image\" data-id=\"0ff2526\" data-element_type=\"widget\" data-widget_type=\"image.default\">\n\t\t\t\t<div class=\"elementor-widget-container\">\n\t\t\t\t\t\t\t\t\t\t\t\t\t<img loading=\"lazy\" decoding=\"async\" width=\"300\" height=\"210\" src=\"https:\/\/test.kamsanmakina.com\/wp-content\/uploads\/2023\/04\/kisa-parca-png-temiz-e1731661535647-300x210.png\" class=\"attachment-medium size-medium wp-image-78141\" alt=\"\" srcset=\"https:\/\/test.kamsanmakina.com\/wp-content\/uploads\/2023\/04\/kisa-parca-png-temiz-e1731661535647-300x210.png 300w, https:\/\/test.kamsanmakina.com\/wp-content\/uploads\/2023\/04\/kisa-parca-png-temiz-e1731661535647-768x538.png 768w, https:\/\/test.kamsanmakina.com\/wp-content\/uploads\/2023\/04\/kisa-parca-png-temiz-e1731661535647-18x12.png 18w, https:\/\/test.kamsanmakina.com\/wp-content\/uploads\/2023\/04\/kisa-parca-png-temiz-e1731661535647.png 1000w\" sizes=\"(max-width: 300px) 100vw, 300px\" \/>\t\t\t\t\t\t\t\t\t\t\t\t\t<\/div>\n\t\t\t\t<\/div>\n\t\t\t\t\t<\/div>\n\t\t<\/div>\n\t\t\t\t<div class=\"elementor-column elementor-col-50 elementor-inner-column elementor-element elementor-element-c43882f\" data-id=\"c43882f\" data-element_type=\"column\">\n\t\t\t<div class=\"elementor-widget-wrap elementor-element-populated\">\n\t\t\t\t\t\t<div class=\"elementor-element elementor-element-7fc49d6 elementor-widget elementor-widget-heading\" data-id=\"7fc49d6\" data-element_type=\"widget\" data-widget_type=\"heading.default\">\n\t\t\t\t<div class=\"elementor-widget-container\">\n\t\t\t<h3 class=\"elementor-heading-title elementor-size-default\">Short Parts Loader<\/h3>\t\t<\/div>\n\t\t\t\t<\/div>\n\t\t\t\t<div class=\"elementor-element elementor-element-6b7b69a elementor-widget elementor-widget-text-editor\" data-id=\"6b7b69a\" data-element_type=\"widget\" data-widget_type=\"text-editor.default\">\n\t\t\t\t<div class=\"elementor-widget-container\">\n\t\t\t\t\t\t\t<p><span style=\"white-space-collapse: preserve;\">Ideal for bar ends. Loads and drives parts up to 500 mm automatically. <\/span><\/p>\t\t\t\t\t\t<\/div>\n\t\t\t\t<\/div>\n\t\t\t\t<div class=\"elementor-element elementor-element-18c7d49 elementor-widget elementor-widget-the7_button_widget\" data-id=\"18c7d49\" data-element_type=\"widget\" data-widget_type=\"the7_button_widget.default\">\n\t\t\t\t<div class=\"elementor-widget-container\">\n\t\t\t<div class=\"elementor-button-wrapper\"><a href=\"http:\/\/kamsanmakina.com\/products\/kisa-parca-yukleyici\/\" class=\"box-button elementor-button elementor-size-md\">Details<\/a><\/div>\t\t<\/div>\n\t\t\t\t<\/div>\n\t\t\t\t\t<\/div>\n\t\t<\/div>\n\t\t\t\t\t<\/div>\n\t\t<\/section>\n\t\t\t\t\t<\/div>\n\t\t<\/div>\n\t\t\t\t\t<\/div>\n\t\t<\/section>\n\t\t\t\t<section class=\"elementor-section elementor-top-section elementor-element elementor-element-2986575 elementor-section-boxed elementor-section-height-default elementor-section-height-default\" data-id=\"2986575\" data-element_type=\"section\" data-settings=\"{&quot;background_background&quot;:&quot;classic&quot;}\">\n\t\t\t\t\t\t\t<div class=\"elementor-background-overlay\"><\/div>\n\t\t\t\t\t\t\t<div class=\"elementor-container elementor-column-gap-wider\">\n\t\t\t\t\t<div class=\"elementor-column elementor-col-100 elementor-top-column elementor-element elementor-element-6b841f4\" data-id=\"6b841f4\" data-element_type=\"column\">\n\t\t\t<div class=\"elementor-widget-wrap elementor-element-populated\">\n\t\t\t\t\t\t<div class=\"elementor-element elementor-element-bb794ff elementor-widget__width-initial elementor-widget elementor-widget-heading\" data-id=\"bb794ff\" data-element_type=\"widget\" data-widget_type=\"heading.default\">\n\t\t\t\t<div class=\"elementor-widget-container\">\n\t\t\t<p class=\"elementor-heading-title elementor-size-default\">Not sure what kind of bar feeder you need?<\/p>\t\t<\/div>\n\t\t\t\t<\/div>\n\t\t\t\t<div class=\"elementor-element elementor-element-999f969 elementor-widget-mobile__width-inherit elementor-widget elementor-widget-heading\" data-id=\"999f969\" data-element_type=\"widget\" data-widget_type=\"heading.default\">\n\t\t\t\t<div class=\"elementor-widget-container\">\n\t\t\t<p class=\"elementor-heading-title elementor-size-default\">Call Us<\/p>\t\t<\/div>\n\t\t\t\t<\/div>\n\t\t\t\t<div class=\"elementor-element elementor-element-b385ff2 elementor-widget-mobile__width-inherit elementor-widget elementor-widget-heading\" data-id=\"b385ff2\" data-element_type=\"widget\" data-widget_type=\"heading.default\">\n\t\t\t\t<div class=\"elementor-widget-container\">\n\t\t\t<h4 class=\"elementor-heading-title elementor-size-default\">+90 224 261 61 70<\/h4>\t\t<\/div>\n\t\t\t\t<\/div>\n\t\t\t\t\t<\/div>\n\t\t<\/div>\n\t\t\t\t\t<\/div>\n\t\t<\/section>\n\t\t\t\t<\/div>","protected":false},"excerpt":{"rendered":"<p>Kamsan S\u00fcr\u00fcc\u00fc Ailesi Magazinli \u00c7ubuk S\u00fcr\u00fcc\u00fc \u0130malatta h\u0131z, y\u00fcksek verim ve sa\u011flaml\u0131k arayanlar i\u00e7in. Hem zaman\u0131n hem malzemenin de\u011ferini bilir. \u200b Detaylar i\u00e7in T\u0131klay\u0131n Tek \u00c7ubuk Kapasiteli S\u00fcr\u00fcc\u00fc Sa\u011flam, g\u00fcvenilir, kullan\u0131m\u0131 kolay. Yerli sanayinin efsanesi, Kamsan Tekli. Detaylar i\u00e7in T\u0131klay\u0131n K\u0131sa Magazinli S\u00fcr\u00fcc\u00fc Stabil, kompakt, g\u00fcvenilir. Y\u00fcksek \u00e7apl\u0131 malzemeler i\u00e7in ideal. Detaylar i\u00e7in T\u0131klay\u0131n K\u0131sa&hellip;<\/p>","protected":false},"author":1,"featured_media":0,"parent":0,"menu_order":20,"comment_status":"closed","ping_status":"closed","template":"elementor_header_footer","meta":{"footnotes":""},"class_list":["post-1483","page","type-page","status-publish","hentry"],"_links":{"self":[{"href":"https:\/\/test.kamsanmakina.com\/en\/wp-json\/wp\/v2\/pages\/1483","targetHints":{"allow":["GET"]}}],"collection":[{"href":"https:\/\/test.kamsanmakina.com\/en\/wp-json\/wp\/v2\/pages"}],"about":[{"href":"https:\/\/test.kamsanmakina.com\/en\/wp-json\/wp\/v2\/types\/page"}],"author":[{"embeddable":true,"href":"https:\/\/test.kamsanmakina.com\/en\/wp-json\/wp\/v2\/users\/1"}],"replies":[{"embeddable":true,"href":"https:\/\/test.kamsanmakina.com\/en\/wp-json\/wp\/v2\/comments?post=1483"}],"version-history":[{"count":330,"href":"https:\/\/test.kamsanmakina.com\/en\/wp-json\/wp\/v2\/pages\/1483\/revisions"}],"predecessor-version":[{"id":80807,"href":"https:\/\/test.kamsanmakina.com\/en\/wp-json\/wp\/v2\/pages\/1483\/revisions\/80807"}],"wp:attachment":[{"href":"https:\/\/test.kamsanmakina.com\/en\/wp-json\/wp\/v2\/media?parent=1483"}],"curies":[{"name":"wp","href":"https:\/\/api.w.org\/{rel}","templated":true}]}}